{"id":41,"date":"2024-02-28T02:33:56","date_gmt":"2024-02-28T02:33:56","guid":{"rendered":"http:\/\/brhuecon.com\/2024\/?page_id=41"},"modified":"2025-07-23T22:41:49","modified_gmt":"2025-07-24T01:41:49","slug":"home","status":"publish","type":"page","link":"https:\/\/brhuecon.com\/2025\/","title":{"rendered":"Home"},"content":{"rendered":"\t\t<div data-elementor-type=\"wp-page\" data-elementor-id=\"41\" class=\"elementor elementor-41\">\n\t\t\t\t<div class=\"elementor-element elementor-element-32e431e e-flex e-con-boxed e-con e-parent\" data-id=\"32e431e\" data-element_type=\"container\" data-e-type=\"container\">\n\t\t\t\t\t<div class=\"e-con-inner\">\n\t\t\t\t\t<\/div>\n\t\t\t\t<\/div>\n\t\t<div class=\"elementor-element elementor-element-e385877 e-con-full e-flex e-con e-parent\" data-id=\"e385877\" data-element_type=\"container\" data-e-type=\"container\" data-settings=\"{&quot;background_background&quot;:&quot;classic&quot;}\">\n\t\t\t\t<div class=\"elementor-element elementor-element-4345d5c elementor-widget elementor-widget-eael-countdown\" data-id=\"4345d5c\" data-element_type=\"widget\" data-e-type=\"widget\" data-widget_type=\"eael-countdown.default\">\n\t\t\t\t<div class=\"elementor-widget-container\">\n\t\t\t\t\t\n\t\t<div class=\"eael-countdown-wrapper\" data-countdown-id=\"4345d5c\" data-expire-type=\"text\" data-countdown-type=\"due_date\" data-expiry-text=\"&lt;p&gt;&lt;strong&gt;\u00c9 hojeeeeee&lt;\/strong&gt;&lt;\/p&gt;\">\n\t\t\t<div class=\"eael-countdown-container eael-countdown-label-block   \">\n                                    <ul id=\"eael-countdown-4345d5c\" class=\"eael-countdown-items\" data-date=\"Aug 04 2025 17:00:00 -3\">\n                        <li class=\"eael-countdown-item\"><div class=\"eael-countdown-days\"><span data-days class=\"eael-countdown-digits\">00<\/span><span class=\"eael-countdown-label\">Dias<\/span><\/div><\/li>                        <li class=\"eael-countdown-item\"><div class=\"eael-countdown-hours\"><span data-hours class=\"eael-countdown-digits\">00<\/span><span class=\"eael-countdown-label\">Horas<\/span><\/div><\/li>                        <li class=\"eael-countdown-item\"><div class=\"eael-countdown-minutes\"><span data-minutes class=\"eael-countdown-digits\">00<\/span><span class=\"eael-countdown-label\">Minutos<\/span><\/div><\/li>                        <li class=\"eael-countdown-item\"><div class=\"eael-countdown-seconds\"><span data-seconds class=\"eael-countdown-digits\">00<\/span><span class=\"eael-countdown-label\">Segundos<\/span><\/div><\/li>                    <\/ul>\n                    <div class=\"eael-countdown-expiry-template\" style=\"display: none;\">\n                                            <\/div>\n               \n\t\t\t    <div class=\"clearfix\"><\/div>\n\t\t\t<\/div>\n\t\t<\/div>\n\n\t\t\t\t\t<\/div>\n\t\t\t\t<\/div>\n\t\t\t\t<\/div>\n\t\t<div class=\"elementor-element elementor-element-db1cbbb e-con-full e-flex e-con e-parent\" data-id=\"db1cbbb\" data-element_type=\"container\" data-e-type=\"container\">\n\t\t\t\t<div class=\"elementor-element elementor-element-c962a31 elementor-widget__width-inherit elementor-widget elementor-widget-text-editor\" data-id=\"c962a31\" data-element_type=\"widget\" data-e-type=\"widget\" data-widget_type=\"text-editor.default\">\n\t\t\t\t<div class=\"elementor-widget-container\">\n\t\t\t\t\t\t\t\t\t<h2 style=\"text-align: center;\" data-editor-content=\"{&quot;blocks&quot;:[{&quot;key&quot;:&quot;8hn8&quot;,&quot;text&quot;:&quot;Quando? Onde? Como?&quot;,&quot;type&quot;:&quot;unstyled&quot;,&quot;depth&quot;:0,&quot;inlineStyleRanges&quot;:[],&quot;entityRanges&quot;:[],&quot;data&quot;:{}}],&quot;entityMap&quot;:{}}\"><strong>Quando? Onde? Como?<\/strong><\/h2><div style=\"text-align: center;\" data-editor-content=\"{&quot;blocks&quot;:[{&quot;key&quot;:&quot;8hn8&quot;,&quot;text&quot;:&quot;Quando? Onde? Como?&quot;,&quot;type&quot;:&quot;unstyled&quot;,&quot;depth&quot;:0,&quot;inlineStyleRanges&quot;:[],&quot;entityRanges&quot;:[],&quot;data&quot;:{}}],&quot;entityMap&quot;:{}}\">\u00a0<\/div><div data-editor-content=\"{&quot;blocks&quot;:[{&quot;key&quot;:&quot;8hn8&quot;,&quot;text&quot;:&quot;Quando? Onde? Como?&quot;,&quot;type&quot;:&quot;unstyled&quot;,&quot;depth&quot;:0,&quot;inlineStyleRanges&quot;:[],&quot;entityRanges&quot;:[],&quot;data&quot;:{}}],&quot;entityMap&quot;:{}}\"><div data-editor-content=\"{&quot;blocks&quot;:[{&quot;key&quot;:&quot;8n20f&quot;,&quot;text&quot;:&quot;Onde? Suite do Hotel (A revelar) Las Vegas, NV&quot;,&quot;type&quot;:&quot;unstyled&quot;,&quot;depth&quot;:0,&quot;inlineStyleRanges&quot;:[{&quot;offset&quot;:0,&quot;length&quot;:46,&quot;style&quot;:&quot;BOLD&quot;}],&quot;entityRanges&quot;:[],&quot;data&quot;:{}},{&quot;key&quot;:&quot;10de2&quot;,&quot;text&quot;:&quot;Quando? 08\/08\/2023 a partir das 18hs&quot;,&quot;type&quot;:&quot;unstyled&quot;,&quot;depth&quot;:0,&quot;inlineStyleRanges&quot;:[{&quot;offset&quot;:0,&quot;length&quot;:36,&quot;style&quot;:&quot;BOLD&quot;}],&quot;entityRanges&quot;:[],&quot;data&quot;:{}},{&quot;key&quot;:&quot;d1jgu&quot;,&quot;text&quot;:&quot;Como? Em breve&quot;,&quot;type&quot;:&quot;unstyled&quot;,&quot;depth&quot;:0,&quot;inlineStyleRanges&quot;:[{&quot;offset&quot;:0,&quot;length&quot;:14,&quot;style&quot;:&quot;BOLD&quot;}],&quot;entityRanges&quot;:[],&quot;data&quot;:{}}],&quot;entityMap&quot;:{}}\"><div class=\"\" style=\"text-align: center;\" data-block=\"true\" data-editor=\"f0k6u\" data-offset-key=\"2ofd0-0-0\"><h4 class=\"public-DraftStyleDefault-block public-DraftStyleDefault-ltr\" data-offset-key=\"2ofd0-0-0\"><span class=\"x-el x-el-span c1-6i c1-6j c1-b c1-6k c1-2p c1-5p c1-6l\"><span data-offset-key=\"2ofd0-0-0\"><strong>Onde?<\/strong> Suite do Hotel (A revelar) Las Vegas, NV<\/span><\/span><\/h4><\/div><h4 class=\"public-DraftStyleDefault-block public-DraftStyleDefault-ltr\" data-offset-key=\"96q2j-0-0\"><strong><span class=\"x-el x-el-span c1-6i c1-6j c1-b c1-6k c1-2p c1-5p c1-6l\">Quando? <span style=\"color: #ff0000;\">04\/08\/2025<\/span> (segunda-feira) a partir das 17hs<\/span><\/strong><\/h4><div class=\"\" data-block=\"true\" data-editor=\"f0k6u\" data-offset-key=\"4q9ma-0-0\"><h4 class=\"public-DraftStyleDefault-block public-DraftStyleDefault-ltr\" style=\"text-align: center;\" data-offset-key=\"4q9ma-0-0\"><span class=\"x-el x-el-span c1-6i c1-6j c1-b c1-6k c1-2p c1-5p c1-6l\"><span data-offset-key=\"4q9ma-0-0\"><strong>Como?<\/strong> Em breve<\/span><\/span><\/h4><\/div><\/div><\/div>\t\t\t\t\t\t\t\t<\/div>\n\t\t\t\t<\/div>\n\t\t\t\t<\/div>\n\t\t<div class=\"elementor-element elementor-element-7459dae e-con-full e-flex e-con e-parent\" data-id=\"7459dae\" data-element_type=\"container\" data-e-type=\"container\">\n\t\t\t\t<div class=\"elementor-element elementor-element-ea35f1a elementor-align-center elementor-widget__width-inherit elementor-widget elementor-widget-button\" data-id=\"ea35f1a\" data-element_type=\"widget\" data-e-type=\"widget\" data-widget_type=\"button.default\">\n\t\t\t\t<div class=\"elementor-widget-container\">\n\t\t\t\t\t\t\t\t\t<div class=\"elementor-button-wrapper\">\n\t\t\t\t\t<a class=\"elementor-button elementor-button-link elementor-size-lg\" href=\"http:\/\/brhuecon2025.eventbrite.com\/\" target=\"_blank\">\n\t\t\t\t\t\t<span class=\"elementor-button-content-wrapper\">\n\t\t\t\t\t\t\t\t\t<span class=\"elementor-button-text\">Inscri\u00e7\u00f5es abertas \\o\/<\/span>\n\t\t\t\t\t<\/span>\n\t\t\t\t\t<\/a>\n\t\t\t\t<\/div>\n\t\t\t\t\t\t\t\t<\/div>\n\t\t\t\t<\/div>\n\t\t\t\t<\/div>\n\t\t<div class=\"elementor-element elementor-element-186b2f3 e-con-full e-flex e-con e-parent\" data-id=\"186b2f3\" data-element_type=\"container\" data-e-type=\"container\">\n\t\t\t\t<div class=\"elementor-element elementor-element-845b31f elementor-drop-cap-yes elementor-drop-cap-view-default elementor-widget elementor-widget-text-editor\" data-id=\"845b31f\" data-element_type=\"widget\" data-e-type=\"widget\" data-settings=\"{&quot;drop_cap&quot;:&quot;yes&quot;}\" data-widget_type=\"text-editor.default\">\n\t\t\t\t<div class=\"elementor-widget-container\">\n\t\t\t\t\t\t\t\t\t<h3 style=\"text-align: center;\" data-editor-content=\"{&quot;blocks&quot;:[{&quot;key&quot;:&quot;1es5u&quot;,&quot;text&quot;:&quot;Compartilhar e Celebrar&quot;,&quot;type&quot;:&quot;unstyled&quot;,&quot;depth&quot;:0,&quot;inlineStyleRanges&quot;:[],&quot;entityRanges&quot;:[],&quot;data&quot;:{}}],&quot;entityMap&quot;:{}}\"><strong>Compartilhar e Celebrar<\/strong><\/h3><div data-editor-content=\"{&quot;blocks&quot;:[{&quot;key&quot;:&quot;1es5u&quot;,&quot;text&quot;:&quot;Compartilhar e Celebrar&quot;,&quot;type&quot;:&quot;unstyled&quot;,&quot;depth&quot;:0,&quot;inlineStyleRanges&quot;:[],&quot;entityRanges&quot;:[],&quot;data&quot;:{}}],&quot;entityMap&quot;:{}}\"><div data-editor-content=\"{&quot;blocks&quot;:[{&quot;key&quot;:&quot;dasop&quot;,&quot;text&quot;:&quot;Foi durante algumas conversas em um grupo de Whatsapp de Brasileiros que se re\u00fanem todos os anos para irem a Las Vegas participar de uma maratona de eventos entre BlackHat, BSidesLV e Defcon que em agosto de 2023, percebemos que est\u00e1vamos com a maior comitiva de palestrantes nos eventos, ao todo mais de 10, mostrando todo o nosso capital intelectual e nossa capacidade de fazer pesquisas F**A como qualquer outro gringo. Pensamos (Anchises, Fernando Amatte e Thiago Bordini) porque n\u00e3o fazermos uma mini confer\u00eancia brasileira em Las Vegas, desta forma celebrarmos juntos essa conquista, foi assim que surgiu a id\u00e9ia da BRHueCon, uma confer\u00eancia descontra\u00edda entre brasileiros e quem quiser mais participar, com muita troca de conhecimento, networking, comida, bebida e claro muitas risadas.&quot;,&quot;type&quot;:&quot;unstyled&quot;,&quot;depth&quot;:0,&quot;inlineStyleRanges&quot;:[],&quot;entityRanges&quot;:[],&quot;data&quot;:{}},{&quot;key&quot;:&quot;a8fa2&quot;,&quot;text&quot;:&quot;Junte-se a n\u00f3s nesta edi\u00e7\u00e3o, acima tem o link da inscri\u00e7\u00e3o, \u00e9 free. E fique tranquilo, o'que acontece em Vegas fica em Vegas ;)&quot;,&quot;type&quot;:&quot;unstyled&quot;,&quot;depth&quot;:0,&quot;inlineStyleRanges&quot;:[],&quot;entityRanges&quot;:[],&quot;data&quot;:{}}],&quot;entityMap&quot;:{}}\"><p class=\"public-DraftStyleDefault-block public-DraftStyleDefault-ltr\" style=\"text-align: center;\" data-offset-key=\"7kfsc-0-0\"><span data-offset-key=\"7kfsc-0-0\">Foi durante algumas conversas em um grupo de Whatsapp de Brasileiros que se re\u00fanem todos os anos para irem a Las Vegas participar de uma maratona de eventos entre BlackHat, BSidesLV e Defcon que em agosto de 2023, percebemos que est\u00e1vamos com a maior comitiva de palestrantes nos eventos, ao todo mais de 10, mostrando todo o nosso capital intelectual e nossa capacidade de fazer pesquisas F**A como qualquer outro gringo. Pensamos (Anchises, Fernando Amatte e Thiago Bordini) porque n\u00e3o fazermos uma mini confer\u00eancia brasileira em Las Vegas, desta forma celebrarmos juntos essa conquista, foi assim que surgiu a id\u00e9ia da BRHueCon, uma confer\u00eancia descontra\u00edda entre brasileiros e quem quiser mais participar, com muita troca de conhecimento, networking, comida, bebida e claro muitas risadas.<\/span><\/p><div class=\"\" data-block=\"true\" data-editor=\"9lrgs\" data-offset-key=\"514lg-0-0\"><p class=\"public-DraftStyleDefault-block public-DraftStyleDefault-ltr\" style=\"text-align: center;\" data-offset-key=\"514lg-0-0\"><strong>Junte-se a n\u00f3s nesta edi\u00e7\u00e3o, acima tem o link da inscri\u00e7\u00e3o, \u00e9 free. E fique tranquilo, o&#8217;que acontece em Vegas fica em Vegas \ud83d\ude09<\/strong><\/p><\/div><\/div><\/div>\t\t\t\t\t\t\t\t<\/div>\n\t\t\t\t<\/div>\n\t\t\t\t<\/div>\n\t\t<div class=\"elementor-element elementor-element-340a10a e-flex e-con-boxed e-con e-parent\" data-id=\"340a10a\" data-element_type=\"container\" data-e-type=\"container\">\n\t\t\t\t\t<div class=\"e-con-inner\">\n\t\t\t\t<div class=\"elementor-element elementor-element-5e4151d elementor-widget elementor-widget-shortcode\" data-id=\"5e4151d\" data-element_type=\"widget\" data-e-type=\"widget\" data-widget_type=\"shortcode.default\">\n\t\t\t\t<div class=\"elementor-widget-container\">\n\t\t\t\t\t\t\t<div class=\"elementor-shortcode\">\n<table id=\"tablepress-1\" class=\"tablepress tablepress-id-1 tbody-has-connected-cells\">\n<tbody>\n<tr class=\"row-1\">\n\t<td colspan=\"3\" class=\"column-1\"><center><strong><h3>Nossos patrocinadores Platinum<\/h3><\/strong><\/center><\/td>\n<\/tr>\n<tr class=\"row-2\">\n\t<td class=\"column-1\"><center><a href=\"https:\/\/elytroncybersecurity.com\/\" target=\"_blank\"><img decoding=\"async\" src=\"https:\/\/brhuecon.com\/2025\/wp-content\/uploads\/2025\/07\/Horizontal-Original-Letra-preta-300px.png\" alt=\"\" width=\"300\" height=\"74\" class=\"aligncenter size-full wp-image-591\" \/><\/a><\/td><td class=\"column-2\"><\/td><td class=\"column-3\"><center><a href=\"https:\/\/www.flipside.com.br\/\" target=\"_blank\"><img decoding=\"async\" src=\"https:\/\/brhuecon.com\/2025\/wp-content\/uploads\/2025\/07\/Flipside-300.png\" alt=\"\" width=\"300\" height=\"91\" class=\"aligncenter size-full wp-image-546\" \/><\/a><\/td>\n<\/tr>\n<tr class=\"row-3\">\n\t<td class=\"column-1\"><br><center><a href=\"https:\/\/www.logicalit.com.br\/\" rel=\"noopener\" target=\"_blank\"><img decoding=\"async\" src=\"https:\/\/brhuecon.com\/2025\/wp-content\/uploads\/2025\/06\/logicalit_300.png\" alt=\"\" width=\"300\" height=\"92\" class=\"aligncenter size-full wp-image-505\" \/><\/a><\/td><td class=\"column-2\"><\/td><td class=\"column-3\"><center><a href=\"https:\/\/lumu.io\/\" rel=\"noopener\" target=\"_blank\"><img loading=\"lazy\" decoding=\"async\" src=\"https:\/\/brhuecon.com\/2025\/wp-content\/uploads\/2025\/06\/lumu.png\" alt=\"\" width=\"300\" height=\"121\" class=\"aligncenter size-full wp-image-504\" \/><\/a><\/td>\n<\/tr>\n<tr class=\"row-4\">\n\t<td colspan=\"3\" class=\"column-1\"><strong><center><h3><br \/>\nNossos patrocinadores Gold<\/center><\/strong><\/h3><\/td>\n<\/tr>\n<tr class=\"row-5\">\n\t<td class=\"column-1\"><center><a href=\"https:\/\/apura.com.br\/\" target=\"_blank\"><img loading=\"lazy\" decoding=\"async\" src=\"https:\/\/brhuecon.com\/2025\/wp-content\/uploads\/2025\/06\/apura_250.png\" alt=\"\" width=\"250\" height=\"65\" class=\"aligncenter size-full wp-image-508\" \/><\/a><\/td><td class=\"column-2\"><center><a href=\"https:\/\/cymulate.com\/\" target=\"_blank\"><img loading=\"lazy\" decoding=\"async\" src=\"https:\/\/brhuecon.com\/2025\/wp-content\/uploads\/2025\/07\/Cymulate-Logo.jpeg\" alt=\"\" width=\"250\" height=\"49\" class=\"aligncenter size-full wp-image-539\" \/><\/a><\/td><td class=\"column-3\"><center><a href=\"https:\/\/www.illumio.com\/pt-br\" target=\"_blank\"><img loading=\"lazy\" decoding=\"async\" src=\"https:\/\/brhuecon.com\/2025\/wp-content\/uploads\/2025\/07\/logo-250.png\" alt=\"\" width=\"250\" height=\"85\" class=\"aligncenter size-full wp-image-600\" \/><\/a><\/td>\n<\/tr>\n<tr class=\"row-6\">\n\t<td class=\"column-1\"><center><a href=\"https:\/\/snyk.io\/pt-BR\/\" target=\"_blank\"><img loading=\"lazy\" decoding=\"async\" src=\"https:\/\/brhuecon.com\/2025\/wp-content\/uploads\/2025\/06\/Snyk-Brand-Wordmark-Dark.png\" alt=\"\" width=\"250\" height=\"133\" class=\"aligncenter size-full wp-image-509\" \/><\/a><\/td><td class=\"column-2\"><\/td><td class=\"column-3\"><center><br><a href=\"https:\/\/www.tenable.com\/\" target=\"_blank\"><img loading=\"lazy\" decoding=\"async\" src=\"https:\/\/brhuecon.com\/2025\/wp-content\/uploads\/2025\/07\/Tenable250.jpeg\" alt=\"\" width=\"250\" height=\"55\" class=\"aligncenter size-full wp-image-540\" \/><\/a><\/td>\n<\/tr>\n<tr class=\"row-7\">\n\t<td colspan=\"3\" class=\"column-1\"><strong><center><h3><br \/>\nNossos patrocinadores Silver<\/center><\/strong><\/h3><\/td>\n<\/tr>\n<tr class=\"row-8\">\n\t<td class=\"column-1\"><\/td><td class=\"column-2\"><\/td><td class=\"column-3\"><\/td>\n<\/tr>\n<tr class=\"row-9\">\n\t<td colspan=\"3\" class=\"column-1\"><strong><center><h3><br \/>\nNossos patrocinadores Bronze<\/center><\/strong><\/h3><\/td>\n<\/tr>\n<tr class=\"row-10\">\n\t<td class=\"column-1\"><center><br><br><a href=\"https:\/\/cyberhorizongroup.io\/\" target=\"_blank\"><img loading=\"lazy\" decoding=\"async\" src=\"https:\/\/brhuecon.com\/2025\/wp-content\/uploads\/2025\/07\/cyberhorizon-150.jpeg\" alt=\"\" width=\"150\" height=\"60\" class=\"aligncenter size-full wp-image-532\" \/><\/a><\/td><td class=\"column-2\"><center><a href=\"https:\/\/www.vusecurity.com\/pt\/\" target=\"_blank\"><img loading=\"lazy\" decoding=\"async\" src=\"https:\/\/brhuecon.com\/2025\/wp-content\/uploads\/2025\/07\/Logos-coloridos-vertical.png\" alt=\"\" width=\"150\" height=\"150\" class=\"aligncenter size-full wp-image-541\" \/><\/a><\/td><td class=\"column-3\"><center><br><a href=\"https:\/\/www.forescout.com\/\" target=\"_blank\"><img loading=\"lazy\" decoding=\"async\" src=\"https:\/\/brhuecon.com\/2025\/wp-content\/uploads\/2025\/07\/forescout-150.png\" alt=\"\" width=\"150\" height=\"99\" class=\"aligncenter size-full wp-image-534\" \/><\/a><\/td>\n<\/tr>\n<tr class=\"row-11\">\n\t<td class=\"column-1\"><center><a href=\"https:\/\/orca.security\/\" target=\"_blank\"><img loading=\"lazy\" decoding=\"async\" src=\"https:\/\/brhuecon.com\/2025\/wp-content\/uploads\/2025\/07\/Orca-Black-150px.png\" alt=\"\" width=\"300\" height=\"172\" class=\"aligncenter size-full wp-image-593\" \/><\/a><\/td><td class=\"column-2\"><center><br><br><a href=\"https:\/\/purplebirdsecurity.com\/\" target=\"_blank\"><img loading=\"lazy\" decoding=\"async\" src=\"https:\/\/brhuecon.com\/2025\/wp-content\/uploads\/2025\/07\/2025-purplebird_150px.png\" alt=\"\" width=\"150\" height=\"40\" class=\"aligncenter size-full wp-image-516\" \/><\/a><\/td><td class=\"column-3\"><center><a href=\"https:\/\/www.qualys.com\/\" target=\"_blank\"><img loading=\"lazy\" decoding=\"async\" src=\"https:\/\/brhuecon.com\/2025\/wp-content\/uploads\/2025\/07\/qualys-logo-rgb_150px.png\" alt=\"\" width=\"150\" height=\"130\" class=\"aligncenter size-full wp-image-563\" \/><\/a><\/td>\n<\/tr>\n<tr class=\"row-12\">\n\t<td class=\"column-1\"><center><a href=\"https:\/\/www.team-cymru.com\/\" target=\"_blank\"><img loading=\"lazy\" decoding=\"async\" src=\"https:\/\/brhuecon.com\/2025\/wp-content\/uploads\/2025\/07\/TeamCymru.png\" alt=\"\" width=\"150\" height=\"150\" class=\"aligncenter size-full wp-image-535\" \/><\/a><\/td><td class=\"column-2\"><center><br><br><a href=\"https:\/\/thalliumsecurity.com\" target=\"_blank\"><img loading=\"lazy\" decoding=\"async\" src=\"https:\/\/brhuecon.com\/2025\/wp-content\/uploads\/2025\/07\/brhuecon_logo_thallium-150px.png\" alt=\"\" width=\"150\" height=\"35\" class=\"aligncenter size-full wp-image-566\" \/><\/a><\/td><td class=\"column-3\"><center><br><br><a href=\"https:\/\/www.vultuscyber.com.br\/\" target=\"_blank\"><img loading=\"lazy\" decoding=\"async\" src=\"https:\/\/brhuecon.com\/2025\/wp-content\/uploads\/2025\/07\/logo_vultus-150px.jpeg\" alt=\"\" width=\"150\" height=\"40\" class=\"aligncenter size-full wp-image-517\" \/><\/a><\/center><\/td>\n<\/tr>\n<tr class=\"row-13\">\n\t<td class=\"column-1\"><\/td><td class=\"column-2\"><center><br><br><a href=\"https:\/\/zimperium.com\/\" target=\"_blank\"><img loading=\"lazy\" decoding=\"async\" src=\"https:\/\/brhuecon.com\/2025\/wp-content\/uploads\/2025\/07\/ZIMPERIUM-logo_orangeZ_black.png\" alt=\"\" width=\"150\" height=\"23\" class=\"aligncenter size-full wp-image-558\" \/><\/a><\/center><br><br><\/td><td class=\"column-3\"><\/td>\n<\/tr>\n<tr class=\"row-14\">\n\t<td colspan=\"3\" class=\"column-1\"><strong><center><h3><br \/>\nApoio<\/center><\/strong><\/h3><\/td>\n<\/tr>\n<tr class=\"row-15\">\n\t<td class=\"column-1\"><center><br><a href=\"https:\/\/cursos.ctiexpert.com\/\" target=\"_blank\"><img loading=\"lazy\" decoding=\"async\" src=\"https:\/\/brhuecon.com\/2025\/wp-content\/uploads\/2025\/07\/ctiexpert.png\" alt=\"\" width=\"150\" height=\"61\" class=\"aligncenter size-full wp-image-549\" \/><\/a><\/td><td class=\"column-2\"><center><a href=\"https:\/\/www.youtube.com\/redzonearea\" target=\"_blank\"><img loading=\"lazy\" decoding=\"async\" src=\"https:\/\/brhuecon.com\/2025\/wp-content\/uploads\/2025\/07\/redzone.jpeg\" alt=\"\" width=\"150\" height=\"128\" class=\"aligncenter size-full wp-image-550\" \/><\/a><\/td><td class=\"column-3\"><br><center><a href=\"https:\/\/www.mentebinaria.com.br\/\" target=\"_blank\"><img loading=\"lazy\" decoding=\"async\" src=\"https:\/\/brhuecon.com\/2025\/wp-content\/uploads\/2025\/07\/logo_mente_binaria_colorido_150px.png\" alt=\"\" width=\"150\" height=\"36\" class=\"aligncenter size-full wp-image-551\" \/><\/a><\/td>\n<\/tr>\n<\/tbody>\n<\/table>\n<!-- #tablepress-1 from cache --><\/div>\n\t\t\t\t\t\t<\/div>\n\t\t\t\t<\/div>\n\t\t\t\t\t<\/div>\n\t\t\t\t<\/div>\n\t\t\t\t<\/div>\n\t\t","protected":false},"excerpt":{"rendered":"<p>00Dias 00Horas 00Minutos 00Segundos Quando? Onde? Como? \u00a0 Onde? Suite do Hotel (A revelar) Las Vegas, NV Quando? 04\/08\/2025 (segunda-feira) a partir das 17hs Como? Em breve Inscri\u00e7\u00f5es abertas o\/ Compartilhar e Celebrar Foi durante algumas conversas em um grupo de Whatsapp de Brasileiros que se re\u00fanem todos os anos para irem a Las Vegas&hellip;&nbsp;<a href=\"https:\/\/brhuecon.com\/2025\/\" rel=\"bookmark\"><span class=\"screen-reader-text\">Home<\/span><\/a><\/p>\n","protected":false},"author":1,"featured_media":0,"parent":0,"menu_order":0,"comment_status":"closed","ping_status":"closed","template":"page-templates\/template-pagebuilder-full-width.php","meta":{"om_disable_all_campaigns":false,"_monsterinsights_skip_tracking":false,"_monsterinsights_sitenote_active":false,"_monsterinsights_sitenote_note":"","_monsterinsights_sitenote_category":0,"neve_meta_sidebar":"","neve_meta_container":"","neve_meta_enable_content_width":"","neve_meta_content_width":0,"neve_meta_title_alignment":"","neve_meta_author_avatar":"","neve_post_elements_order":"","neve_meta_disable_header":"","neve_meta_disable_footer":"","neve_meta_disable_title":"","ngg_post_thumbnail":0,"footnotes":""},"class_list":["post-41","page","type-page","status-publish","hentry"],"aioseo_notices":[],"_links":{"self":[{"href":"https:\/\/brhuecon.com\/2025\/wp-json\/wp\/v2\/pages\/41","targetHints":{"allow":["GET"]}}],"collection":[{"href":"https:\/\/brhuecon.com\/2025\/wp-json\/wp\/v2\/pages"}],"about":[{"href":"https:\/\/brhuecon.com\/2025\/wp-json\/wp\/v2\/types\/page"}],"author":[{"embeddable":true,"href":"https:\/\/brhuecon.com\/2025\/wp-json\/wp\/v2\/users\/1"}],"replies":[{"embeddable":true,"href":"https:\/\/brhuecon.com\/2025\/wp-json\/wp\/v2\/comments?post=41"}],"version-history":[{"count":127,"href":"https:\/\/brhuecon.com\/2025\/wp-json\/wp\/v2\/pages\/41\/revisions"}],"predecessor-version":[{"id":583,"href":"https:\/\/brhuecon.com\/2025\/wp-json\/wp\/v2\/pages\/41\/revisions\/583"}],"wp:attachment":[{"href":"https:\/\/brhuecon.com\/2025\/wp-json\/wp\/v2\/media?parent=41"}],"curies":[{"name":"wp","href":"https:\/\/api.w.org\/{rel}","templated":true}]}}