{"id":17,"date":"2024-02-28T02:19:43","date_gmt":"2024-02-28T02:19:43","guid":{"rendered":"http:\/\/brhuecon.com\/2024\/?page_id=17"},"modified":"2025-07-23T22:11:38","modified_gmt":"2025-07-24T01:11:38","slug":"call-for-papers","status":"publish","type":"page","link":"https:\/\/brhuecon.com\/2025\/call-for-papers\/","title":{"rendered":"Call for Papers"},"content":{"rendered":"\n<p>Chamada de trabalhos <strong>ENCERRADAS<\/strong><\/p>\n\n\n\n<p>Tem um tema bacana para falar sobre Cyber Security e \u00e1reas correlatas? Vai estar por Las Vegas para os eventos Defcon, BSides Las Vegas ou Blackhat?<\/p>\n\n\n\n<p>O que est\u00e1 esperando para enviar sua proposta?<\/p>\n\n\n\n<p><strong>Datas importantes:<\/strong><br>Data final para submiss\u00e3o de sugest\u00f5es: <strong>20 de Julho de 2025<\/strong><br>Notifica\u00e7\u00e3o aos autores selecionados: at\u00e9 <strong>23 de julho de 2025<\/strong><br>Divulga\u00e7\u00e3o da Agenda: <strong>24 de Julho de 2025<\/strong><\/p>\n\n\n\n<p><\/p>\n","protected":false},"excerpt":{"rendered":"<p>Chamada de trabalhos ENCERRADAS Tem um tema bacana para falar sobre Cyber Security e \u00e1reas correlatas? Vai estar por Las Vegas para os eventos Defcon, BSides Las Vegas ou Blackhat? O que est\u00e1 esperando para enviar sua proposta? Datas importantes:Data final para submiss\u00e3o de sugest\u00f5es: 20 de Julho de 2025Notifica\u00e7\u00e3o aos autores selecionados: at\u00e9 23&hellip;&nbsp;<a href=\"https:\/\/brhuecon.com\/2025\/call-for-papers\/\" rel=\"bookmark\"><span class=\"screen-reader-text\">Call for Papers<\/span><\/a><\/p>\n","protected":false},"author":1,"featured_media":0,"parent":0,"menu_order":0,"comment_status":"closed","ping_status":"closed","template":"","meta":{"om_disable_all_campaigns":false,"_monsterinsights_skip_tracking":false,"_monsterinsights_sitenote_active":false,"_monsterinsights_sitenote_note":"","_monsterinsights_sitenote_category":0,"neve_meta_sidebar":"","neve_meta_container":"","neve_meta_enable_content_width":"","neve_meta_content_width":0,"neve_meta_title_alignment":"","neve_meta_author_avatar":"","neve_post_elements_order":"","neve_meta_disable_header":"","neve_meta_disable_footer":"","neve_meta_disable_title":"","ngg_post_thumbnail":0,"footnotes":""},"class_list":["post-17","page","type-page","status-publish","hentry"],"aioseo_notices":[],"_links":{"self":[{"href":"https:\/\/brhuecon.com\/2025\/wp-json\/wp\/v2\/pages\/17","targetHints":{"allow":["GET"]}}],"collection":[{"href":"https:\/\/brhuecon.com\/2025\/wp-json\/wp\/v2\/pages"}],"about":[{"href":"https:\/\/brhuecon.com\/2025\/wp-json\/wp\/v2\/types\/page"}],"author":[{"embeddable":true,"href":"https:\/\/brhuecon.com\/2025\/wp-json\/wp\/v2\/users\/1"}],"replies":[{"embeddable":true,"href":"https:\/\/brhuecon.com\/2025\/wp-json\/wp\/v2\/comments?post=17"}],"version-history":[{"count":12,"href":"https:\/\/brhuecon.com\/2025\/wp-json\/wp\/v2\/pages\/17\/revisions"}],"predecessor-version":[{"id":574,"href":"https:\/\/brhuecon.com\/2025\/wp-json\/wp\/v2\/pages\/17\/revisions\/574"}],"wp:attachment":[{"href":"https:\/\/brhuecon.com\/2025\/wp-json\/wp\/v2\/media?parent=17"}],"curies":[{"name":"wp","href":"https:\/\/api.w.org\/{rel}","templated":true}]}}