{"id":15,"date":"2024-02-28T02:19:43","date_gmt":"2024-02-28T02:19:43","guid":{"rendered":"http:\/\/brhuecon.com\/2024\/?page_id=15"},"modified":"2024-02-29T22:28:55","modified_gmt":"2024-03-01T01:28:55","slug":"about","status":"publish","type":"page","link":"https:\/\/brhuecon.com\/2025\/about\/","title":{"rendered":"About"},"content":{"rendered":"\n<h3 class=\"wp-block-heading has-text-align-center\"><strong>Compartilhar e Celebrar<\/strong><\/h3>\n\n\n\n<p class=\"has-text-align-center\">Foi durante algumas conversas em um grupo de Whatsapp de Brasileiros que se re\u00fanem todos os anos para irem a Las Vegas participar de uma maratona de eventos entre BlackHat, BSidesLV e Defcon que em agosto de 2023, percebemos que est\u00e1vamos com a maior comitiva de palestrantes nos eventos, ao todo mais de 10, mostrando todo o nosso capital intelectual e nossa capacidade de fazer pesquisas F**A como qualquer outro gringo. Pensamos (Anchises, Fernando Amatte e Thiago Bordini) porque n\u00e3o fazermos uma mini confer\u00eancia brasileira em Las Vegas, desta forma celebrarmos juntos essa conquista, foi assim que surgiu a id\u00e9ia da BRHueCon, uma confer\u00eancia descontra\u00edda entre brasileiros e quem quiser mais participar, com muita troca de conhecimento, networking, comida, bebida e claro muitas risadas.<\/p>\n","protected":false},"excerpt":{"rendered":"<p>Compartilhar e Celebrar Foi durante algumas conversas em um grupo de Whatsapp de Brasileiros que se re\u00fanem todos os anos para irem a Las Vegas participar de uma maratona de eventos entre BlackHat, BSidesLV e Defcon que em agosto de 2023, percebemos que est\u00e1vamos com a maior comitiva de palestrantes nos eventos, ao todo mais&hellip;&nbsp;<a href=\"https:\/\/brhuecon.com\/2025\/about\/\" rel=\"bookmark\"><span class=\"screen-reader-text\">About<\/span><\/a><\/p>\n","protected":false},"author":1,"featured_media":0,"parent":0,"menu_order":0,"comment_status":"closed","ping_status":"closed","template":"","meta":{"om_disable_all_campaigns":false,"_monsterinsights_skip_tracking":false,"_monsterinsights_sitenote_active":false,"_monsterinsights_sitenote_note":"","_monsterinsights_sitenote_category":0,"neve_meta_sidebar":"","neve_meta_container":"","neve_meta_enable_content_width":"","neve_meta_content_width":0,"neve_meta_title_alignment":"","neve_meta_author_avatar":"","neve_post_elements_order":"","neve_meta_disable_header":"","neve_meta_disable_footer":"","neve_meta_disable_title":"","ngg_post_thumbnail":0,"footnotes":""},"class_list":["post-15","page","type-page","status-publish","hentry"],"aioseo_notices":[],"_links":{"self":[{"href":"https:\/\/brhuecon.com\/2025\/wp-json\/wp\/v2\/pages\/15","targetHints":{"allow":["GET"]}}],"collection":[{"href":"https:\/\/brhuecon.com\/2025\/wp-json\/wp\/v2\/pages"}],"about":[{"href":"https:\/\/brhuecon.com\/2025\/wp-json\/wp\/v2\/types\/page"}],"author":[{"embeddable":true,"href":"https:\/\/brhuecon.com\/2025\/wp-json\/wp\/v2\/users\/1"}],"replies":[{"embeddable":true,"href":"https:\/\/brhuecon.com\/2025\/wp-json\/wp\/v2\/comments?post=15"}],"version-history":[{"count":2,"href":"https:\/\/brhuecon.com\/2025\/wp-json\/wp\/v2\/pages\/15\/revisions"}],"predecessor-version":[{"id":173,"href":"https:\/\/brhuecon.com\/2025\/wp-json\/wp\/v2\/pages\/15\/revisions\/173"}],"wp:attachment":[{"href":"https:\/\/brhuecon.com\/2025\/wp-json\/wp\/v2\/media?parent=15"}],"curies":[{"name":"wp","href":"https:\/\/api.w.org\/{rel}","templated":true}]}}