{"id":20,"date":"2024-02-28T02:19:43","date_gmt":"2024-02-28T02:19:43","guid":{"rendered":"http:\/\/brhuecon.com\/2024\/?page_id=20"},"modified":"2024-07-18T22:02:51","modified_gmt":"2024-07-19T01:02:51","slug":"agenda","status":"publish","type":"page","link":"https:\/\/brhuecon.com\/2024\/agenda\/","title":{"rendered":"Agenda"},"content":{"rendered":"\n<h2 class=\"wp-block-heading has-text-align-center\">Trilha 1<\/h2>\n\n\n\n<table id=\"tablepress-2\" class=\"tablepress tablepress-id-2 tbody-has-connected-cells\">\n<thead>\n<tr class=\"row-1\">\n\t<th class=\"column-1\"><strong>Hora<\/strong><\/th><th class=\"column-2\"><strong>Tema<\/strong><\/th><th class=\"column-3\"><strong>Palestrante<\/strong><\/th>\n<\/tr>\n<\/thead>\n<tbody>\n<tr class=\"row-2\">\n\t<td class=\"column-1\">18:00<\/td><td class=\"column-2\"><a href=\"https:\/\/brhuecon.com\/2024\/descricao-das-palestras\/\" title=\"Descri\u00e7\u00e3o das Palestras\" rel=\"noopener\" target=\"_blank\">CrowdStrike Bypass<\/a><\/td><td class=\"column-3\">Samuel Pires<\/td>\n<\/tr>\n<tr class=\"row-3\">\n\t<td class=\"column-1\">18:30<\/td><td class=\"column-2\"><a href=\"https:\/\/brhuecon.com\/2024\/descricao-das-palestras\/\" title=\"Descri\u00e7\u00e3o das Palestras\" rel=\"noopener\" target=\"_blank\">It's Not a Feature, It's a Bug!<\/a><\/td><td class=\"column-3\">Alcyon Junior<\/td>\n<\/tr>\n<tr class=\"row-4\">\n\t<td class=\"column-1\">19:00<\/td><td class=\"column-2\">TBD<\/td><td class=\"column-3\">Palestra Patrocinador Apura (15 Min)<\/td>\n<\/tr>\n<tr class=\"row-5\">\n\t<td class=\"column-1\">19:20<\/td><td class=\"column-2\"><a href=\"https:\/\/brhuecon.com\/2024\/descricao-das-palestras\/\" title=\"Descri\u00e7\u00e3o das Palestras\" rel=\"noopener\" target=\"_blank\">Meus desControles de Seguran\u00e7a - O que fazer ?<\/a><\/td><td class=\"column-3\">Patroc\u00ednio Cymulate - Daniel Gomes<\/td>\n<\/tr>\n<tr class=\"row-6\">\n\t<td class=\"column-1\">19:05<\/td><td class=\"column-2\"><a href=\"https:\/\/brhuecon.com\/2024\/descricao-das-palestras\/\" title=\"Descri\u00e7\u00e3o das Palestras\" rel=\"noopener\" target=\"_blank\">When AI Breaks Bad: Navigating the Threatscape of Machine Learning<\/a><\/td><td class=\"column-3\">Larissa Fonseca<\/td>\n<\/tr>\n<tr class=\"row-7\">\n\t<td class=\"column-1\">19:30<\/td><td class=\"column-2\"><a href=\"https:\/\/brhuecon.com\/2024\/descricao-das-palestras\/\" title=\"Descri\u00e7\u00e3o das Palestras\" rel=\"noopener\" target=\"_blank\">Using infostealer information for EASM IR<\/a><\/td><td class=\"column-3\">Patrocinio LogicalIT - Thiago Bordini<\/td>\n<\/tr>\n<tr class=\"row-8\">\n\t<td class=\"column-1\">19:50<\/td><td class=\"column-2\"><a href=\"https:\/\/brhuecon.com\/2024\/descricao-das-palestras\/\" title=\"Descri\u00e7\u00e3o das Palestras\" rel=\"noopener\" target=\"_blank\">Modelagem de Amea\u00e7a para Identidades<\/a><\/td><td class=\"column-3\">Patrocinio IAM Brasil - Rafael Lachi<\/td>\n<\/tr>\n<tr class=\"row-9\">\n\t<td class=\"column-1\">20:00<\/td><td class=\"column-2\"><a href=\"https:\/\/brhuecon.com\/2024\/descricao-das-palestras\/\" title=\"Descri\u00e7\u00e3o das Palestras\" rel=\"noopener\" target=\"_blank\">Offensive on Defensive: Unveiling Endpoint Weaknesses with CVE-2020-26053<\/a><\/td><td class=\"column-3\">Filipe Pires<\/td>\n<\/tr>\n<tr class=\"row-10\">\n\t<td class=\"column-1\">20:30<\/td><td colspan=\"2\" class=\"column-2\">Encerramento das palestras<\/td>\n<\/tr>\n<\/tbody>\n<\/table>\n<!-- #tablepress-2 from cache -->\n\n\n\n<hr class=\"wp-block-separator has-alpha-channel-opacity\"\/>\n\n\n\n<h2 class=\"wp-block-heading has-text-align-center\">Trilha 2<\/h2>\n\n\n\n<table id=\"tablepress-3\" class=\"tablepress tablepress-id-3 tbody-has-connected-cells\">\n<thead>\n<tr class=\"row-1\">\n\t<th class=\"column-1\"><strong>Hora<\/strong><\/th><th class=\"column-2\"><strong>Tema<\/strong><\/th><th class=\"column-3\"><strong>Palestrante<\/strong><\/th>\n<\/tr>\n<\/thead>\n<tbody>\n<tr class=\"row-2\">\n\t<td class=\"column-1\">18:00<\/td><td class=\"column-2\"><a href=\"https:\/\/brhuecon.com\/2024\/descricao-das-palestras\/\" title=\"Descri\u00e7\u00e3o das Palestras\" rel=\"noopener\" target=\"_blank\">Hacking a bank without leaving your bedroom<\/a><\/td><td class=\"column-3\">Matheus Vrech e Arthur Aires<\/td>\n<\/tr>\n<tr class=\"row-3\">\n\t<td class=\"column-1\">18:30<\/td><td class=\"column-2\"><a href=\"https:\/\/brhuecon.com\/2024\/descricao-das-palestras\/\" title=\"Descri\u00e7\u00e3o das Palestras\" rel=\"noopener\" target=\"_blank\">Cen\u00e1rio do Risco Digital sob a \u00f3tica do atacante e an\u00e1lise de causas<\/a><\/td><td class=\"column-3\">Alexandre Brum<\/td>\n<\/tr>\n<tr class=\"row-4\">\n\t<td class=\"column-1\">19:00<\/td><td class=\"column-2\"><a href=\"https:\/\/brhuecon.com\/2024\/descricao-das-palestras\/\" title=\"Como meu cachorro invadiu uma empresa\">Como meu cachorro invadiu uma empresa<\/a><\/td><td class=\"column-3\">Patroc\u00ednio Flipside - Felipe Liatzkowski<\/td>\n<\/tr>\n<tr class=\"row-5\">\n\t<td class=\"column-1\">19:20<\/td><td class=\"column-2\">TBD<\/td><td class=\"column-3\">Palestra Patrocinador (10 Min)<\/td>\n<\/tr>\n<tr class=\"row-6\">\n\t<td class=\"column-1\">19:05<\/td><td class=\"column-2\"><a href=\"https:\/\/brhuecon.com\/2024\/descricao-das-palestras\/\" title=\"Descri\u00e7\u00e3o das Palestras\" rel=\"noopener\" target=\"_blank\">Mac-n-Cheese: How to Cook Up Delicious Electron Techniques for Red Teamers<\/a><\/td><td class=\"column-3\">Roberto \"Espreto\" Soares <\/td>\n<\/tr>\n<tr class=\"row-7\">\n\t<td class=\"column-1\">19:30<\/td><td class=\"column-2\"><a href=\"https:\/\/brhuecon.com\/2024\/descricao-das-palestras\/\" title=\"Descri\u00e7\u00e3o das Palestras\" rel=\"noopener\" target=\"_blank\">The Oracle Awakens: Demystifying Privilege Escalation in the Cloud<\/a><\/td><td class=\"column-3\">Felipe Pr0teus<\/td>\n<\/tr>\n<tr class=\"row-8\">\n\t<td class=\"column-1\">19:55<\/td><td class=\"column-2\"><a href=\"https:\/\/brhuecon.com\/2024\/descricao-das-palestras\/\" title=\"Descri\u00e7\u00e3o das Palestras\" rel=\"noopener\" target=\"_blank\">Navegando o Oceano de Vulnerabilidades: Desafios e dicas de como identificar e priorizar as vulnerabilidades mais cr\u00edticas para sua organiza\u00e7\u00e3o<\/a><\/td><td class=\"column-3\">Patroc\u00ednio SYNK - Raphael Bottino<\/td>\n<\/tr>\n<tr class=\"row-9\">\n\t<td class=\"column-1\">20:10<\/td><td class=\"column-2\">TBD<\/td><td class=\"column-3\">Palestra Patrocinador (10Min)<\/td>\n<\/tr>\n<tr class=\"row-10\">\n\t<td class=\"column-1\">20:20<\/td><td colspan=\"2\" class=\"column-2\">Encerramento das palestras<\/td>\n<\/tr>\n<\/tbody>\n<\/table>\n<!-- #tablepress-3 from cache -->\n\n\n\n<p><\/p>\n","protected":false},"excerpt":{"rendered":"<p>Trilha 1 Trilha 2<\/p>\n","protected":false},"author":1,"featured_media":0,"parent":0,"menu_order":0,"comment_status":"closed","ping_status":"closed","template":"","meta":{"om_disable_all_campaigns":false,"_monsterinsights_skip_tracking":false,"_monsterinsights_sitenote_active":false,"_monsterinsights_sitenote_note":"","_monsterinsights_sitenote_category":0,"neve_meta_sidebar":"","neve_meta_container":"","neve_meta_enable_content_width":"","neve_meta_content_width":0,"neve_meta_title_alignment":"","neve_meta_author_avatar":"","neve_post_elements_order":"","neve_meta_disable_header":"","neve_meta_disable_footer":"","neve_meta_disable_title":"","ngg_post_thumbnail":0,"footnotes":""},"class_list":["post-20","page","type-page","status-publish","hentry"],"aioseo_notices":[],"_links":{"self":[{"href":"https:\/\/brhuecon.com\/2024\/wp-json\/wp\/v2\/pages\/20","targetHints":{"allow":["GET"]}}],"collection":[{"href":"https:\/\/brhuecon.com\/2024\/wp-json\/wp\/v2\/pages"}],"about":[{"href":"https:\/\/brhuecon.com\/2024\/wp-json\/wp\/v2\/types\/page"}],"author":[{"embeddable":true,"href":"https:\/\/brhuecon.com\/2024\/wp-json\/wp\/v2\/users\/1"}],"replies":[{"embeddable":true,"href":"https:\/\/brhuecon.com\/2024\/wp-json\/wp\/v2\/comments?post=20"}],"version-history":[{"count":5,"href":"https:\/\/brhuecon.com\/2024\/wp-json\/wp\/v2\/pages\/20\/revisions"}],"predecessor-version":[{"id":402,"href":"https:\/\/brhuecon.com\/2024\/wp-json\/wp\/v2\/pages\/20\/revisions\/402"}],"wp:attachment":[{"href":"https:\/\/brhuecon.com\/2024\/wp-json\/wp\/v2\/media?parent=20"}],"curies":[{"name":"wp","href":"https:\/\/api.w.org\/{rel}","templated":true}]}}